{"id":64,"date":"2025-02-20T14:09:36","date_gmt":"2025-02-20T14:09:36","guid":{"rendered":"https:\/\/hersa.cl\/index.php\/about\/"},"modified":"2025-04-05T02:31:25","modified_gmt":"2025-04-05T02:31:25","slug":"about","status":"publish","type":"page","link":"https:\/\/hersa.cl\/index.php\/about\/","title":{"rendered":"Nosotros"},"content":{"rendered":"\t\t<div data-elementor-type=\"wp-page\" data-elementor-id=\"64\" class=\"elementor elementor-64\" data-elementor-post-type=\"page\">\n\t\t\t\t<div class=\"elementor-element elementor-element-502e7cd0 e-con-full e-flex e-con e-parent\" data-id=\"502e7cd0\" data-element_type=\"container\" data-e-type=\"container\">\n\t\t<div class=\"elementor-element elementor-element-751d1e7a e-con-full e-flex e-con e-child\" data-id=\"751d1e7a\" data-element_type=\"container\" data-e-type=\"container\">\n\t\t\t\t<div class=\"elementor-element elementor-element-32f9e769 elementor-widget elementor-widget-heading\" data-id=\"32f9e769\" data-element_type=\"widget\" data-e-type=\"widget\" data-widget_type=\"heading.default\">\n\t\t\t\t<div class=\"elementor-widget-container\">\n\t\t\t\t\t<h1 class=\"elementor-heading-title elementor-size-default\">Nuestra misi\u00f3n<\/h1>\t\t\t\t<\/div>\n\t\t\t\t<\/div>\n\t\t\t\t<div class=\"elementor-element elementor-element-87311ee elementor-widget elementor-widget-text-editor\" data-id=\"87311ee\" data-element_type=\"widget\" data-e-type=\"widget\" data-widget_type=\"text-editor.default\">\n\t\t\t\t<div class=\"elementor-widget-container\">\n\t\t\t\t\t\t\t\t\t<p>En HERSA Servicios SPA, nuestra misi\u00f3n es proporcionar soluciones integrales y de alta calidad para el mantenimiento y la mejora de edificios y comunidades, adapt\u00e1ndonos con flexibilidad a las necesidades y capacidades de cada cliente. Nos comprometemos a ofrecer un servicio eficiente, seguro y confiable, garantizando la satisfacci\u00f3n y tranquilidad de nuestros clientes.<\/p>\t\t\t\t\t\t\t\t<\/div>\n\t\t\t\t<\/div>\n\t\t\t\t<\/div>\n\t\t<div class=\"elementor-element elementor-element-1c491951 e-con-full e-flex e-con e-child\" data-id=\"1c491951\" data-element_type=\"container\" data-e-type=\"container\" data-settings=\"{&quot;background_background&quot;:&quot;classic&quot;}\">\n\t\t\t\t<\/div>\n\t\t\t\t<\/div>\n\t\t<div class=\"elementor-element elementor-element-12362f25 e-con-full e-flex e-con e-parent\" data-id=\"12362f25\" data-element_type=\"container\" data-e-type=\"container\">\n\t\t<div class=\"elementor-element elementor-element-3b832eae e-con-full e-flex e-con e-child\" data-id=\"3b832eae\" data-element_type=\"container\" data-e-type=\"container\" data-settings=\"{&quot;background_background&quot;:&quot;classic&quot;}\">\n\t\t\t\t<\/div>\n\t\t<div class=\"elementor-element elementor-element-5fb925c2 e-con-full e-flex e-con e-child\" data-id=\"5fb925c2\" data-element_type=\"container\" data-e-type=\"container\">\n\t\t\t\t<div class=\"elementor-element elementor-element-66714b5e elementor-widget elementor-widget-heading\" data-id=\"66714b5e\" data-element_type=\"widget\" data-e-type=\"widget\" data-widget_type=\"heading.default\">\n\t\t\t\t<div class=\"elementor-widget-container\">\n\t\t\t\t\t<h2 class=\"elementor-heading-title elementor-size-default\">Nuestra visi\u00f3n<\/h2>\t\t\t\t<\/div>\n\t\t\t\t<\/div>\n\t\t\t\t<div class=\"elementor-element elementor-element-27ae8a3d elementor-widget elementor-widget-text-editor\" data-id=\"27ae8a3d\" data-element_type=\"widget\" data-e-type=\"widget\" data-widget_type=\"text-editor.default\">\n\t\t\t\t<div class=\"elementor-widget-container\">\n\t\t\t\t\t\t\t\t\t<p>En HERSA Servicios SPA, nuestra misi\u00f3n es proporcionar soluciones integrales y de alta calidad para el mantenimiento y la mejora de edificios y comunidades, adapt\u00e1ndonos con flexibilidad a las necesidades y capacidades de cada cliente. Nos comprometemos a ofrecer un servicio eficiente, seguro y confiable, garantizando la satisfacci\u00f3n y tranquilidad de nuestros clientes.<\/p>\t\t\t\t\t\t\t\t<\/div>\n\t\t\t\t<\/div>\n\t\t\t\t<\/div>\n\t\t\t\t<\/div>\n\t\t<div class=\"elementor-element elementor-element-79653d3f e-flex e-con-boxed e-con e-parent\" data-id=\"79653d3f\" data-element_type=\"container\" data-e-type=\"container\" data-settings=\"{&quot;background_background&quot;:&quot;classic&quot;}\">\n\t\t\t\t\t<div class=\"e-con-inner\">\n\t\t\t\t<div class=\"elementor-element elementor-element-1f49d5d3 elementor-view-default elementor-position-block-start elementor-mobile-position-block-start elementor-widget elementor-widget-icon-box\" data-id=\"1f49d5d3\" data-element_type=\"widget\" data-e-type=\"widget\" data-widget_type=\"icon-box.default\">\n\t\t\t\t<div class=\"elementor-widget-container\">\n\t\t\t\t\t\t\t<div class=\"elementor-icon-box-wrapper\">\n\n\t\t\t\t\t\t<div class=\"elementor-icon-box-icon\">\n\t\t\t\t<span  class=\"elementor-icon\">\n\t\t\t\t<svg xmlns=\"http:\/\/www.w3.org\/2000\/svg\" id=\"a4a99671-1fc3-4568-98bf-7fc5746e910a\" data-name=\"Layer 1\" width=\"114\" height=\"79\" viewBox=\"0 0 114 79\"><polygon points=\"32.677 0 0 78.265 36.391 78.265 57.928 0 32.677 0\"><\/polygon><polygon points=\"88.749 0.735 56.072 79 92.463 79 114 0.735 88.749 0.735\"><\/polygon><\/svg>\t\t\t\t<\/span>\n\t\t\t<\/div>\n\t\t\t\n\t\t\t\t\t\t<div class=\"elementor-icon-box-content\">\n\n\t\t\t\t\t\t\t\t\t<h3 class=\"elementor-icon-box-title\">\n\t\t\t\t\t\t<span  >\n\t\t\t\t\t\t\tEntendemos las realidades de las comunidades y, bas\u00e1ndonos en ello, nos adaptamos con flexibilidad a la capacidad que requieran.\t\t\t\t\t\t<\/span>\n\t\t\t\t\t<\/h3>\n\t\t\t\t\n\t\t\t\t\t\t\t\t\t<p class=\"elementor-icon-box-description\">\n\t\t\t\t\t\tEmilio Hermosilla -- Hersa \t\t\t\t\t<\/p>\n\t\t\t\t\n\t\t\t<\/div>\n\t\t\t\n\t\t<\/div>\n\t\t\t\t\t\t<\/div>\n\t\t\t\t<\/div>\n\t\t\t\t\t<\/div>\n\t\t\t\t<\/div>\n\t\t\t\t<\/div>\n\t\t","protected":false},"excerpt":{"rendered":"<p>Nuestra misi\u00f3n En HERSA Servicios SPA, nuestra misi\u00f3n es proporcionar soluciones integrales y de alta calidad para el mantenimiento y la mejora de edificios y comunidades, adapt\u00e1ndonos con flexibilidad a las necesidades y capacidades de cada cliente. Nos comprometemos a ofrecer un servicio eficiente, seguro y confiable, garantizando la satisfacci\u00f3n y tranquilidad de nuestros clientes. [&hellip;]<\/p>\n","protected":false},"author":1,"featured_media":0,"parent":0,"menu_order":0,"comment_status":"closed","ping_status":"closed","template":"elementor_header_footer","meta":{"footnotes":""},"class_list":["post-64","page","type-page","status-publish","hentry"],"yoast_head":"<!-- This site is optimized with the Yoast SEO plugin v24.9 - https:\/\/yoast.com\/wordpress\/plugins\/seo\/ -->\n<title>Nosotros | Hersa Servicios Generales<\/title>\n<meta name=\"robots\" content=\"index, follow, max-snippet:-1, max-image-preview:large, max-video-preview:-1\" \/>\n<link rel=\"canonical\" href=\"https:\/\/hersa.cl\/index.php\/about\/\" \/>\n<meta property=\"og:locale\" content=\"es_ES\" \/>\n<meta property=\"og:type\" content=\"article\" \/>\n<meta property=\"og:title\" content=\"Nosotros | Hersa Servicios Generales\" \/>\n<meta property=\"og:description\" content=\"Nuestra misi\u00f3n En HERSA Servicios SPA, nuestra misi\u00f3n es proporcionar soluciones integrales y de alta calidad para el mantenimiento y la mejora de edificios y comunidades, adapt\u00e1ndonos con flexibilidad a las necesidades y capacidades de cada cliente. Nos comprometemos a ofrecer un servicio eficiente, seguro y confiable, garantizando la satisfacci\u00f3n y tranquilidad de nuestros clientes. [&hellip;]\" \/>\n<meta property=\"og:url\" content=\"https:\/\/hersa.cl\/index.php\/about\/\" \/>\n<meta property=\"og:site_name\" content=\"Hersa Servicios Generales\" \/>\n<meta property=\"article:modified_time\" content=\"2025-04-05T02:31:25+00:00\" \/>\n<meta name=\"twitter:card\" content=\"summary_large_image\" \/>\n<meta name=\"twitter:label1\" content=\"Tiempo de lectura\" \/>\n\t<meta name=\"twitter:data1\" content=\"1 minuto\" \/>\n<script type=\"application\/ld+json\" class=\"yoast-schema-graph\">{\"@context\":\"https:\/\/schema.org\",\"@graph\":[{\"@type\":\"WebPage\",\"@id\":\"https:\/\/hersa.cl\/index.php\/about\/\",\"url\":\"https:\/\/hersa.cl\/index.php\/about\/\",\"name\":\"Nosotros | Hersa Servicios Generales\",\"isPartOf\":{\"@id\":\"https:\/\/hersa.cl\/#website\"},\"datePublished\":\"2025-02-20T14:09:36+00:00\",\"dateModified\":\"2025-04-05T02:31:25+00:00\",\"breadcrumb\":{\"@id\":\"https:\/\/hersa.cl\/index.php\/about\/#breadcrumb\"},\"inLanguage\":\"es\",\"potentialAction\":[{\"@type\":\"ReadAction\",\"target\":[\"https:\/\/hersa.cl\/index.php\/about\/\"]}]},{\"@type\":\"BreadcrumbList\",\"@id\":\"https:\/\/hersa.cl\/index.php\/about\/#breadcrumb\",\"itemListElement\":[{\"@type\":\"ListItem\",\"position\":1,\"name\":\"Portada\",\"item\":\"https:\/\/hersa.cl\/\"},{\"@type\":\"ListItem\",\"position\":2,\"name\":\"Nosotros\"}]},{\"@type\":\"WebSite\",\"@id\":\"https:\/\/hersa.cl\/#website\",\"url\":\"https:\/\/hersa.cl\/\",\"name\":\"Hersa Servicios Generales\",\"description\":\"En HERSA Servicios SPA, nos especializamos en ofrecer una amplia gama de servicios integrales para edificios y comunidades, asegurando siempre la m\u00e1xima calidad y eficiencia en cada uno de nuestros trabajos. Nuestro objetivo es proporcionar soluciones pr\u00e1cticas y confiables, adapt\u00e1ndonos a las necesidades espec\u00edficas de nuestros clientes.\",\"publisher\":{\"@id\":\"https:\/\/hersa.cl\/#organization\"},\"alternateName\":\"Hersa SPA\",\"potentialAction\":[{\"@type\":\"SearchAction\",\"target\":{\"@type\":\"EntryPoint\",\"urlTemplate\":\"https:\/\/hersa.cl\/?s={search_term_string}\"},\"query-input\":{\"@type\":\"PropertyValueSpecification\",\"valueRequired\":true,\"valueName\":\"search_term_string\"}}],\"inLanguage\":\"es\"},{\"@type\":\"Organization\",\"@id\":\"https:\/\/hersa.cl\/#organization\",\"name\":\"Hersa Servicios Generales\",\"url\":\"https:\/\/hersa.cl\/\",\"logo\":{\"@type\":\"ImageObject\",\"inLanguage\":\"es\",\"@id\":\"https:\/\/hersa.cl\/#\/schema\/logo\/image\/\",\"url\":\"https:\/\/hersa.cl\/wp-content\/uploads\/2025\/02\/Hersa-Logos-1.webp\",\"contentUrl\":\"https:\/\/hersa.cl\/wp-content\/uploads\/2025\/02\/Hersa-Logos-1.webp\",\"width\":500,\"height\":500,\"caption\":\"Hersa Servicios Generales\"},\"image\":{\"@id\":\"https:\/\/hersa.cl\/#\/schema\/logo\/image\/\"}}]}<\/script>\n<!-- \/ Yoast SEO plugin. -->","yoast_head_json":{"title":"Nosotros | Hersa Servicios Generales","robots":{"index":"index","follow":"follow","max-snippet":"max-snippet:-1","max-image-preview":"max-image-preview:large","max-video-preview":"max-video-preview:-1"},"canonical":"https:\/\/hersa.cl\/index.php\/about\/","og_locale":"es_ES","og_type":"article","og_title":"Nosotros | Hersa Servicios Generales","og_description":"Nuestra misi\u00f3n En HERSA Servicios SPA, nuestra misi\u00f3n es proporcionar soluciones integrales y de alta calidad para el mantenimiento y la mejora de edificios y comunidades, adapt\u00e1ndonos con flexibilidad a las necesidades y capacidades de cada cliente. Nos comprometemos a ofrecer un servicio eficiente, seguro y confiable, garantizando la satisfacci\u00f3n y tranquilidad de nuestros clientes. [&hellip;]","og_url":"https:\/\/hersa.cl\/index.php\/about\/","og_site_name":"Hersa Servicios Generales","article_modified_time":"2025-04-05T02:31:25+00:00","twitter_card":"summary_large_image","twitter_misc":{"Tiempo de lectura":"1 minuto"},"schema":{"@context":"https:\/\/schema.org","@graph":[{"@type":"WebPage","@id":"https:\/\/hersa.cl\/index.php\/about\/","url":"https:\/\/hersa.cl\/index.php\/about\/","name":"Nosotros | Hersa Servicios Generales","isPartOf":{"@id":"https:\/\/hersa.cl\/#website"},"datePublished":"2025-02-20T14:09:36+00:00","dateModified":"2025-04-05T02:31:25+00:00","breadcrumb":{"@id":"https:\/\/hersa.cl\/index.php\/about\/#breadcrumb"},"inLanguage":"es","potentialAction":[{"@type":"ReadAction","target":["https:\/\/hersa.cl\/index.php\/about\/"]}]},{"@type":"BreadcrumbList","@id":"https:\/\/hersa.cl\/index.php\/about\/#breadcrumb","itemListElement":[{"@type":"ListItem","position":1,"name":"Portada","item":"https:\/\/hersa.cl\/"},{"@type":"ListItem","position":2,"name":"Nosotros"}]},{"@type":"WebSite","@id":"https:\/\/hersa.cl\/#website","url":"https:\/\/hersa.cl\/","name":"Hersa Servicios Generales","description":"En HERSA Servicios SPA, nos especializamos en ofrecer una amplia gama de servicios integrales para edificios y comunidades, asegurando siempre la m\u00e1xima calidad y eficiencia en cada uno de nuestros trabajos. Nuestro objetivo es proporcionar soluciones pr\u00e1cticas y confiables, adapt\u00e1ndonos a las necesidades espec\u00edficas de nuestros clientes.","publisher":{"@id":"https:\/\/hersa.cl\/#organization"},"alternateName":"Hersa SPA","potentialAction":[{"@type":"SearchAction","target":{"@type":"EntryPoint","urlTemplate":"https:\/\/hersa.cl\/?s={search_term_string}"},"query-input":{"@type":"PropertyValueSpecification","valueRequired":true,"valueName":"search_term_string"}}],"inLanguage":"es"},{"@type":"Organization","@id":"https:\/\/hersa.cl\/#organization","name":"Hersa Servicios Generales","url":"https:\/\/hersa.cl\/","logo":{"@type":"ImageObject","inLanguage":"es","@id":"https:\/\/hersa.cl\/#\/schema\/logo\/image\/","url":"https:\/\/hersa.cl\/wp-content\/uploads\/2025\/02\/Hersa-Logos-1.webp","contentUrl":"https:\/\/hersa.cl\/wp-content\/uploads\/2025\/02\/Hersa-Logos-1.webp","width":500,"height":500,"caption":"Hersa Servicios Generales"},"image":{"@id":"https:\/\/hersa.cl\/#\/schema\/logo\/image\/"}}]}},"_links":{"self":[{"href":"https:\/\/hersa.cl\/index.php\/wp-json\/wp\/v2\/pages\/64","targetHints":{"allow":["GET"]}}],"collection":[{"href":"https:\/\/hersa.cl\/index.php\/wp-json\/wp\/v2\/pages"}],"about":[{"href":"https:\/\/hersa.cl\/index.php\/wp-json\/wp\/v2\/types\/page"}],"author":[{"embeddable":true,"href":"https:\/\/hersa.cl\/index.php\/wp-json\/wp\/v2\/users\/1"}],"replies":[{"embeddable":true,"href":"https:\/\/hersa.cl\/index.php\/wp-json\/wp\/v2\/comments?post=64"}],"version-history":[{"count":26,"href":"https:\/\/hersa.cl\/index.php\/wp-json\/wp\/v2\/pages\/64\/revisions"}],"predecessor-version":[{"id":689,"href":"https:\/\/hersa.cl\/index.php\/wp-json\/wp\/v2\/pages\/64\/revisions\/689"}],"wp:attachment":[{"href":"https:\/\/hersa.cl\/index.php\/wp-json\/wp\/v2\/media?parent=64"}],"curies":[{"name":"wp","href":"https:\/\/api.w.org\/{rel}","templated":true}]}}