{"id":34,"date":"2025-02-20T14:09:19","date_gmt":"2025-02-20T14:09:19","guid":{"rendered":"https:\/\/hersa.cl\/index.php\/contact\/"},"modified":"2025-04-05T03:40:04","modified_gmt":"2025-04-05T03:40:04","slug":"contact","status":"publish","type":"page","link":"https:\/\/hersa.cl\/index.php\/contact\/","title":{"rendered":"Contacto"},"content":{"rendered":"\t\t<div data-elementor-type=\"wp-page\" data-elementor-id=\"34\" class=\"elementor elementor-34\" data-elementor-post-type=\"page\">\n\t\t\t\t<div class=\"elementor-element elementor-element-2fd2787 e-con-full e-flex e-con e-parent\" data-id=\"2fd2787\" data-element_type=\"container\" data-e-type=\"container\" data-settings=\"{&quot;background_background&quot;:&quot;classic&quot;}\">\n\t\t\t\t<div class=\"elementor-element elementor-element-2aedb2cf elementor-widget elementor-widget-heading\" data-id=\"2aedb2cf\" data-element_type=\"widget\" data-e-type=\"widget\" data-widget_type=\"heading.default\">\n\t\t\t\t<div class=\"elementor-widget-container\">\n\t\t\t\t\t<h1 class=\"elementor-heading-title elementor-size-default\">Cont\u00e1ctanos<\/h1>\t\t\t\t<\/div>\n\t\t\t\t<\/div>\n\t\t\t\t<\/div>\n\t\t<div class=\"elementor-element elementor-element-8e063cf e-flex e-con-boxed e-con e-parent\" data-id=\"8e063cf\" data-element_type=\"container\" data-e-type=\"container\">\n\t\t\t\t\t<div class=\"e-con-inner\">\n\t\t<div class=\"elementor-element elementor-element-ed4db83 e-con-full e-flex e-con e-child\" data-id=\"ed4db83\" data-element_type=\"container\" data-e-type=\"container\">\n\t\t\t\t<div class=\"elementor-element elementor-element-4071410 elementor-widget elementor-widget-heading\" data-id=\"4071410\" data-element_type=\"widget\" data-e-type=\"widget\" data-widget_type=\"heading.default\">\n\t\t\t\t<div class=\"elementor-widget-container\">\n\t\t\t\t\t<h6 class=\"elementor-heading-title elementor-size-default\">Visitanos<\/h6>\t\t\t\t<\/div>\n\t\t\t\t<\/div>\n\t\t<div class=\"elementor-element elementor-element-275fbb4 e-con-full e-flex e-con e-child\" data-id=\"275fbb4\" data-element_type=\"container\" data-e-type=\"container\">\n\t\t\t\t<div class=\"elementor-element elementor-element-c18564e elementor-widget elementor-widget-text-editor\" data-id=\"c18564e\" data-element_type=\"widget\" data-e-type=\"widget\" data-widget_type=\"text-editor.default\">\n\t\t\t\t<div class=\"elementor-widget-container\">\n\t\t\t\t\t\t\t\t\t<p>Balmaceda 337, oficina 201, Edificio Centro Plaza, Pitrufqu\u00e9n.<\/p>\t\t\t\t\t\t\t\t<\/div>\n\t\t\t\t<\/div>\n\t\t<div class=\"elementor-element elementor-element-f98fbd7 e-con-full e-flex e-con e-child\" data-id=\"f98fbd7\" data-element_type=\"container\" data-e-type=\"container\">\n\t\t\t\t<div class=\"elementor-element elementor-element-7d7288d elementor-widget elementor-widget-heading\" data-id=\"7d7288d\" data-element_type=\"widget\" data-e-type=\"widget\" data-widget_type=\"heading.default\">\n\t\t\t\t<div class=\"elementor-widget-container\">\n\t\t\t\t\t<h2 class=\"elementor-heading-title elementor-size-default\">Tel\u00e9fonos<\/h2>\t\t\t\t<\/div>\n\t\t\t\t<\/div>\n\t\t<div class=\"elementor-element elementor-element-35148a6 e-con-full e-flex e-con e-child\" data-id=\"35148a6\" data-element_type=\"container\" data-e-type=\"container\">\n\t\t\t\t<div class=\"elementor-element elementor-element-cc1299e elementor-widget elementor-widget-text-editor\" data-id=\"cc1299e\" data-element_type=\"widget\" data-e-type=\"widget\" data-widget_type=\"text-editor.default\">\n\t\t\t\t<div class=\"elementor-widget-container\">\n\t\t\t\t\t\t\t\t\t<div class=\"elementor-element elementor-element-9b62257 elementor-align-center elementor-icon-list--layout-traditional elementor-list-item-link-full_width elementor-widget elementor-widget-icon-list\" data-id=\"9b62257\" data-element_type=\"widget\" data-widget_type=\"icon-list.default\"><div class=\"elementor-widget-container\"><p>45 2 734 400<\/p><\/div><\/div><div class=\"elementor-element elementor-element-9342fa5 elementor-align-center elementor-icon-list--layout-traditional elementor-list-item-link-full_width elementor-widget elementor-widget-icon-list\" data-id=\"9342fa5\" data-element_type=\"widget\" data-widget_type=\"icon-list.default\"><div class=\"elementor-widget-container\">\u00a0<\/div><\/div>\t\t\t\t\t\t\t\t<\/div>\n\t\t\t\t<\/div>\n\t\t<div class=\"elementor-element elementor-element-81d2892 e-con-full e-flex e-con e-child\" data-id=\"81d2892\" data-element_type=\"container\" data-e-type=\"container\">\n\t\t\t\t<div class=\"elementor-element elementor-element-d49f11e elementor-widget elementor-widget-heading\" data-id=\"d49f11e\" data-element_type=\"widget\" data-e-type=\"widget\" data-widget_type=\"heading.default\">\n\t\t\t\t<div class=\"elementor-widget-container\">\n\t\t\t\t\t<h6 class=\"elementor-heading-title elementor-size-default\">Horarios<\/h6>\t\t\t\t<\/div>\n\t\t\t\t<\/div>\n\t\t<div class=\"elementor-element elementor-element-b766ebf e-con-full e-flex e-con e-child\" data-id=\"b766ebf\" data-element_type=\"container\" data-e-type=\"container\">\n\t\t\t\t<div class=\"elementor-element elementor-element-fcb9e7f elementor-widget elementor-widget-text-editor\" data-id=\"fcb9e7f\" data-element_type=\"widget\" data-e-type=\"widget\" data-widget_type=\"text-editor.default\">\n\t\t\t\t<div class=\"elementor-widget-container\">\n\t\t\t\t\t\t\t\t\t<p>Lunes a viernes<br \/>08:30 -13:30<br \/>14:30 -18:30<\/p>\t\t\t\t\t\t\t\t<\/div>\n\t\t\t\t<\/div>\n\t\t\t\t<\/div>\n\t\t\t\t<\/div>\n\t\t\t\t<\/div>\n\t\t\t\t<\/div>\n\t\t\t\t<\/div>\n\t\t\t\t<\/div>\n\t\t<div class=\"elementor-element elementor-element-3a26ecb e-con-full e-flex e-con e-child\" data-id=\"3a26ecb\" data-element_type=\"container\" data-e-type=\"container\">\n\t\t\t\t<div class=\"elementor-element elementor-element-67bac21 elementor-widget elementor-widget-google_maps\" data-id=\"67bac21\" data-element_type=\"widget\" data-e-type=\"widget\" data-widget_type=\"google_maps.default\">\n\t\t\t\t<div class=\"elementor-widget-container\">\n\t\t\t\t\t\t\t<div class=\"elementor-custom-embed\">\n\t\t\t<iframe loading=\"lazy\"\n\t\t\t\t\tsrc=\"https:\/\/maps.google.com\/maps?q=Santiago%20de%20Chile&#038;t=m&#038;z=12&#038;output=embed&#038;iwloc=near\"\n\t\t\t\t\ttitle=\"Santiago de Chile\"\n\t\t\t\t\taria-label=\"Santiago de Chile\"\n\t\t\t><\/iframe>\n\t\t<\/div>\n\t\t\t\t\t\t<\/div>\n\t\t\t\t<\/div>\n\t\t\t\t<\/div>\n\t\t\t\t\t<\/div>\n\t\t\t\t<\/div>\n\t\t<div class=\"elementor-element elementor-element-a562bdb e-flex e-con-boxed e-con e-parent\" data-id=\"a562bdb\" data-element_type=\"container\" data-e-type=\"container\">\n\t\t\t\t\t<div class=\"e-con-inner\">\n\t\t\t\t<div class=\"elementor-element elementor-element-3f473af elementor-widget elementor-widget-heading\" data-id=\"3f473af\" data-element_type=\"widget\" data-e-type=\"widget\" data-widget_type=\"heading.default\">\n\t\t\t\t<div class=\"elementor-widget-container\">\n\t\t\t\t\t<h2 class=\"elementor-heading-title elementor-size-default\">Cont\u00e1ctanos<\/h2>\t\t\t\t<\/div>\n\t\t\t\t<\/div>\n\t\t\t\t\t<\/div>\n\t\t\t\t<\/div>\n\t\t<div class=\"elementor-element elementor-element-36d32a5e e-flex e-con-boxed e-con e-child\" data-id=\"36d32a5e\" data-element_type=\"container\" data-e-type=\"container\" data-settings=\"{&quot;background_background&quot;:&quot;classic&quot;}\">\n\t\t\t\t\t<div class=\"e-con-inner\">\n\t\t\t\t<div class=\"elementor-element elementor-element-63943b76 elementor-button-align-stretch elementor-widget elementor-widget-form\" data-id=\"63943b76\" data-element_type=\"widget\" data-e-type=\"widget\" data-settings=\"{&quot;step_next_label&quot;:&quot;Next&quot;,&quot;step_previous_label&quot;:&quot;Previous&quot;,&quot;button_width&quot;:&quot;100&quot;,&quot;step_type&quot;:&quot;number_text&quot;,&quot;step_icon_shape&quot;:&quot;circle&quot;}\" data-widget_type=\"form.default\">\n\t\t\t\t<div class=\"elementor-widget-container\">\n\t\t\t\t\t\t\t<form class=\"elementor-form\" method=\"post\" name=\"New Form\">\n\t\t\t<input type=\"hidden\" name=\"post_id\" value=\"34\"\/>\n\t\t\t<input type=\"hidden\" name=\"form_id\" value=\"63943b76\"\/>\n\t\t\t<input type=\"hidden\" name=\"referer_title\" value=\"Contacto | Hersa Servicios Generales\" \/>\n\n\t\t\t\t\t\t\t<input type=\"hidden\" name=\"queried_id\" value=\"34\"\/>\n\t\t\t\n\t\t\t<div class=\"elementor-form-fields-wrapper elementor-labels-\">\n\t\t\t\t\t\t\t\t<div class=\"elementor-field-type-text elementor-field-group elementor-column elementor-field-group-name elementor-col-100\">\n\t\t\t\t\t\t\t\t\t\t\t\t<label for=\"form-field-name\" class=\"elementor-field-label elementor-screen-only\">\n\t\t\t\t\t\t\t\tNombre\t\t\t\t\t\t\t<\/label>\n\t\t\t\t\t\t\t\t\t\t\t\t\t\t<input size=\"1\" type=\"text\" name=\"form_fields[name]\" id=\"form-field-name\" class=\"elementor-field elementor-size-lg  elementor-field-textual\" placeholder=\"Nombre y Apellido\">\n\t\t\t\t\t\t\t\t\t\t\t<\/div>\n\t\t\t\t\t\t\t\t<div class=\"elementor-field-type-email elementor-field-group elementor-column elementor-field-group-email elementor-col-100 elementor-field-required\">\n\t\t\t\t\t\t\t\t\t\t\t\t<label for=\"form-field-email\" class=\"elementor-field-label elementor-screen-only\">\n\t\t\t\t\t\t\t\tEmail\t\t\t\t\t\t\t<\/label>\n\t\t\t\t\t\t\t\t\t\t\t\t\t\t<input size=\"1\" type=\"email\" name=\"form_fields[email]\" id=\"form-field-email\" class=\"elementor-field elementor-size-lg  elementor-field-textual\" placeholder=\"Correo electronico\" required=\"required\">\n\t\t\t\t\t\t\t\t\t\t\t<\/div>\n\t\t\t\t\t\t\t\t<div class=\"elementor-field-type-textarea elementor-field-group elementor-column elementor-field-group-field_4405537 elementor-col-100\">\n\t\t\t\t\t\t\t\t\t\t\t\t<label for=\"form-field-field_4405537\" class=\"elementor-field-label elementor-screen-only\">\n\t\t\t\t\t\t\t\tConsulta\t\t\t\t\t\t\t<\/label>\n\t\t\t\t\t\t<textarea class=\"elementor-field-textual elementor-field  elementor-size-lg\" name=\"form_fields[field_4405537]\" id=\"form-field-field_4405537\" rows=\"4\" placeholder=\"Breve descripci\u00f3n de tu requerimiento\"><\/textarea>\t\t\t\t<\/div>\n\t\t\t\t\t\t\t\t<div class=\"elementor-field-group elementor-column elementor-field-type-submit elementor-col-100 e-form__buttons\">\n\t\t\t\t\t<button class=\"elementor-button elementor-size-lg\" type=\"submit\">\n\t\t\t\t\t\t<span class=\"elementor-button-content-wrapper\">\n\t\t\t\t\t\t\t\t\t\t\t\t\t\t\t\t\t\t\t\t\t\t<span class=\"elementor-button-text\">Enviar &gt;<\/span>\n\t\t\t\t\t\t\t\t\t\t\t\t\t<\/span>\n\t\t\t\t\t<\/button>\n\t\t\t\t<\/div>\n\t\t\t<\/div>\n\t\t<\/form>\n\t\t\t\t\t\t<\/div>\n\t\t\t\t<\/div>\n\t\t\t\t\t<\/div>\n\t\t\t\t<\/div>\n\t\t\t\t<\/div>\n\t\t","protected":false},"excerpt":{"rendered":"<p>Cont\u00e1ctanos Visitanos Balmaceda 337, oficina 201, Edificio Centro Plaza, Pitrufqu\u00e9n. Tel\u00e9fonos 45 2 734 400 \u00a0 Horarios Lunes a viernes08:30 -13:3014:30 -18:30 Cont\u00e1ctanos<\/p>\n","protected":false},"author":1,"featured_media":0,"parent":0,"menu_order":0,"comment_status":"closed","ping_status":"closed","template":"elementor_header_footer","meta":{"footnotes":""},"class_list":["post-34","page","type-page","status-publish","hentry"],"yoast_head":"<!-- This site is optimized with the Yoast SEO plugin v24.9 - https:\/\/yoast.com\/wordpress\/plugins\/seo\/ -->\n<title>Contacto | Hersa Servicios Generales<\/title>\n<meta name=\"robots\" content=\"index, follow, max-snippet:-1, max-image-preview:large, max-video-preview:-1\" \/>\n<link rel=\"canonical\" href=\"https:\/\/hersa.cl\/index.php\/contact\/\" \/>\n<meta property=\"og:locale\" content=\"es_ES\" \/>\n<meta property=\"og:type\" content=\"article\" \/>\n<meta property=\"og:title\" content=\"Contacto | Hersa Servicios Generales\" \/>\n<meta property=\"og:description\" content=\"Cont\u00e1ctanos Visitanos Balmaceda 337, oficina 201, Edificio Centro Plaza, Pitrufqu\u00e9n. Tel\u00e9fonos 45 2 734 400 \u00a0 Horarios Lunes a viernes08:30 -13:3014:30 -18:30 Cont\u00e1ctanos\" \/>\n<meta property=\"og:url\" content=\"https:\/\/hersa.cl\/index.php\/contact\/\" \/>\n<meta property=\"og:site_name\" content=\"Hersa Servicios Generales\" \/>\n<meta property=\"article:modified_time\" content=\"2025-04-05T03:40:04+00:00\" \/>\n<meta name=\"twitter:card\" content=\"summary_large_image\" \/>\n<meta name=\"twitter:label1\" content=\"Tiempo de lectura\" \/>\n\t<meta name=\"twitter:data1\" content=\"1 minuto\" \/>\n<script type=\"application\/ld+json\" class=\"yoast-schema-graph\">{\"@context\":\"https:\/\/schema.org\",\"@graph\":[{\"@type\":\"WebPage\",\"@id\":\"https:\/\/hersa.cl\/index.php\/contact\/\",\"url\":\"https:\/\/hersa.cl\/index.php\/contact\/\",\"name\":\"Contacto | Hersa Servicios Generales\",\"isPartOf\":{\"@id\":\"https:\/\/hersa.cl\/#website\"},\"datePublished\":\"2025-02-20T14:09:19+00:00\",\"dateModified\":\"2025-04-05T03:40:04+00:00\",\"breadcrumb\":{\"@id\":\"https:\/\/hersa.cl\/index.php\/contact\/#breadcrumb\"},\"inLanguage\":\"es\",\"potentialAction\":[{\"@type\":\"ReadAction\",\"target\":[\"https:\/\/hersa.cl\/index.php\/contact\/\"]}]},{\"@type\":\"BreadcrumbList\",\"@id\":\"https:\/\/hersa.cl\/index.php\/contact\/#breadcrumb\",\"itemListElement\":[{\"@type\":\"ListItem\",\"position\":1,\"name\":\"Portada\",\"item\":\"https:\/\/hersa.cl\/\"},{\"@type\":\"ListItem\",\"position\":2,\"name\":\"Contacto\"}]},{\"@type\":\"WebSite\",\"@id\":\"https:\/\/hersa.cl\/#website\",\"url\":\"https:\/\/hersa.cl\/\",\"name\":\"Hersa Servicios Generales\",\"description\":\"En HERSA Servicios SPA, nos especializamos en ofrecer una amplia gama de servicios integrales para edificios y comunidades, asegurando siempre la m\u00e1xima calidad y eficiencia en cada uno de nuestros trabajos. Nuestro objetivo es proporcionar soluciones pr\u00e1cticas y confiables, adapt\u00e1ndonos a las necesidades espec\u00edficas de nuestros clientes.\",\"publisher\":{\"@id\":\"https:\/\/hersa.cl\/#organization\"},\"alternateName\":\"Hersa SPA\",\"potentialAction\":[{\"@type\":\"SearchAction\",\"target\":{\"@type\":\"EntryPoint\",\"urlTemplate\":\"https:\/\/hersa.cl\/?s={search_term_string}\"},\"query-input\":{\"@type\":\"PropertyValueSpecification\",\"valueRequired\":true,\"valueName\":\"search_term_string\"}}],\"inLanguage\":\"es\"},{\"@type\":\"Organization\",\"@id\":\"https:\/\/hersa.cl\/#organization\",\"name\":\"Hersa Servicios Generales\",\"url\":\"https:\/\/hersa.cl\/\",\"logo\":{\"@type\":\"ImageObject\",\"inLanguage\":\"es\",\"@id\":\"https:\/\/hersa.cl\/#\/schema\/logo\/image\/\",\"url\":\"https:\/\/hersa.cl\/wp-content\/uploads\/2025\/02\/Hersa-Logos-1.webp\",\"contentUrl\":\"https:\/\/hersa.cl\/wp-content\/uploads\/2025\/02\/Hersa-Logos-1.webp\",\"width\":500,\"height\":500,\"caption\":\"Hersa Servicios Generales\"},\"image\":{\"@id\":\"https:\/\/hersa.cl\/#\/schema\/logo\/image\/\"}}]}<\/script>\n<!-- \/ Yoast SEO plugin. -->","yoast_head_json":{"title":"Contacto | Hersa Servicios Generales","robots":{"index":"index","follow":"follow","max-snippet":"max-snippet:-1","max-image-preview":"max-image-preview:large","max-video-preview":"max-video-preview:-1"},"canonical":"https:\/\/hersa.cl\/index.php\/contact\/","og_locale":"es_ES","og_type":"article","og_title":"Contacto | Hersa Servicios Generales","og_description":"Cont\u00e1ctanos Visitanos Balmaceda 337, oficina 201, Edificio Centro Plaza, Pitrufqu\u00e9n. Tel\u00e9fonos 45 2 734 400 \u00a0 Horarios Lunes a viernes08:30 -13:3014:30 -18:30 Cont\u00e1ctanos","og_url":"https:\/\/hersa.cl\/index.php\/contact\/","og_site_name":"Hersa Servicios Generales","article_modified_time":"2025-04-05T03:40:04+00:00","twitter_card":"summary_large_image","twitter_misc":{"Tiempo de lectura":"1 minuto"},"schema":{"@context":"https:\/\/schema.org","@graph":[{"@type":"WebPage","@id":"https:\/\/hersa.cl\/index.php\/contact\/","url":"https:\/\/hersa.cl\/index.php\/contact\/","name":"Contacto | Hersa Servicios Generales","isPartOf":{"@id":"https:\/\/hersa.cl\/#website"},"datePublished":"2025-02-20T14:09:19+00:00","dateModified":"2025-04-05T03:40:04+00:00","breadcrumb":{"@id":"https:\/\/hersa.cl\/index.php\/contact\/#breadcrumb"},"inLanguage":"es","potentialAction":[{"@type":"ReadAction","target":["https:\/\/hersa.cl\/index.php\/contact\/"]}]},{"@type":"BreadcrumbList","@id":"https:\/\/hersa.cl\/index.php\/contact\/#breadcrumb","itemListElement":[{"@type":"ListItem","position":1,"name":"Portada","item":"https:\/\/hersa.cl\/"},{"@type":"ListItem","position":2,"name":"Contacto"}]},{"@type":"WebSite","@id":"https:\/\/hersa.cl\/#website","url":"https:\/\/hersa.cl\/","name":"Hersa Servicios Generales","description":"En HERSA Servicios SPA, nos especializamos en ofrecer una amplia gama de servicios integrales para edificios y comunidades, asegurando siempre la m\u00e1xima calidad y eficiencia en cada uno de nuestros trabajos. Nuestro objetivo es proporcionar soluciones pr\u00e1cticas y confiables, adapt\u00e1ndonos a las necesidades espec\u00edficas de nuestros clientes.","publisher":{"@id":"https:\/\/hersa.cl\/#organization"},"alternateName":"Hersa SPA","potentialAction":[{"@type":"SearchAction","target":{"@type":"EntryPoint","urlTemplate":"https:\/\/hersa.cl\/?s={search_term_string}"},"query-input":{"@type":"PropertyValueSpecification","valueRequired":true,"valueName":"search_term_string"}}],"inLanguage":"es"},{"@type":"Organization","@id":"https:\/\/hersa.cl\/#organization","name":"Hersa Servicios Generales","url":"https:\/\/hersa.cl\/","logo":{"@type":"ImageObject","inLanguage":"es","@id":"https:\/\/hersa.cl\/#\/schema\/logo\/image\/","url":"https:\/\/hersa.cl\/wp-content\/uploads\/2025\/02\/Hersa-Logos-1.webp","contentUrl":"https:\/\/hersa.cl\/wp-content\/uploads\/2025\/02\/Hersa-Logos-1.webp","width":500,"height":500,"caption":"Hersa Servicios Generales"},"image":{"@id":"https:\/\/hersa.cl\/#\/schema\/logo\/image\/"}}]}},"_links":{"self":[{"href":"https:\/\/hersa.cl\/index.php\/wp-json\/wp\/v2\/pages\/34","targetHints":{"allow":["GET"]}}],"collection":[{"href":"https:\/\/hersa.cl\/index.php\/wp-json\/wp\/v2\/pages"}],"about":[{"href":"https:\/\/hersa.cl\/index.php\/wp-json\/wp\/v2\/types\/page"}],"author":[{"embeddable":true,"href":"https:\/\/hersa.cl\/index.php\/wp-json\/wp\/v2\/users\/1"}],"replies":[{"embeddable":true,"href":"https:\/\/hersa.cl\/index.php\/wp-json\/wp\/v2\/comments?post=34"}],"version-history":[{"count":59,"href":"https:\/\/hersa.cl\/index.php\/wp-json\/wp\/v2\/pages\/34\/revisions"}],"predecessor-version":[{"id":749,"href":"https:\/\/hersa.cl\/index.php\/wp-json\/wp\/v2\/pages\/34\/revisions\/749"}],"wp:attachment":[{"href":"https:\/\/hersa.cl\/index.php\/wp-json\/wp\/v2\/media?parent=34"}],"curies":[{"name":"wp","href":"https:\/\/api.w.org\/{rel}","templated":true}]}}